{"id":2308,"date":"2025-07-15T01:27:17","date_gmt":"2025-07-15T06:27:17","guid":{"rendered":"https:\/\/inspiraimmigrationlaw.com\/thank-you\/"},"modified":"2025-07-30T15:16:21","modified_gmt":"2025-07-30T20:16:21","slug":"gracias","status":"publish","type":"page","link":"https:\/\/inspiraimmigrationlaw.com\/en\/gracias\/","title":{"rendered":"Thank You"},"content":{"rendered":"","protected":false},"excerpt":{"rendered":"","protected":false},"author":5,"featured_media":0,"parent":0,"menu_order":0,"comment_status":"closed","ping_status":"closed","template":"","meta":{"_acf_changed":false,"footnotes":""},"class_list":["post-2308","page","type-page","status-publish","hentry"],"acf":[],"yoast_head":"<!-- This site is optimized with the Yoast SEO plugin v27.5 - https:\/\/yoast.com\/product\/yoast-seo-wordpress\/ -->\n<title>Thank You - Inspira Immigration Law<\/title>\n<meta name=\"robots\" content=\"index, follow, max-snippet:-1, max-image-preview:large, max-video-preview:-1\" \/>\n<link rel=\"canonical\" href=\"https:\/\/inspiraimmigrationlaw.com\/en\/gracias\/\" \/>\n<meta property=\"og:locale\" content=\"en_US\" \/>\n<meta property=\"og:type\" content=\"article\" \/>\n<meta property=\"og:title\" content=\"Thank You - Inspira Immigration Law\" \/>\n<meta property=\"og:url\" content=\"https:\/\/inspiraimmigrationlaw.com\/en\/gracias\/\" \/>\n<meta property=\"og:site_name\" content=\"Inspira Immigration Law\" \/>\n<meta property=\"article:publisher\" content=\"http:\/\/facebook.com\/inspiraimmigrationlaw\" \/>\n<meta property=\"article:modified_time\" content=\"2025-07-30T20:16:21+00:00\" \/>\n<meta name=\"twitter:card\" content=\"summary_large_image\" \/>\n<!-- \/ Yoast SEO plugin. -->","yoast_head_json":{"title":"Thank You - Inspira Immigration Law","robots":{"index":"index","follow":"follow","max-snippet":"max-snippet:-1","max-image-preview":"max-image-preview:large","max-video-preview":"max-video-preview:-1"},"canonical":"https:\/\/inspiraimmigrationlaw.com\/en\/gracias\/","og_locale":"en_US","og_type":"article","og_title":"Thank You - Inspira Immigration Law","og_url":"https:\/\/inspiraimmigrationlaw.com\/en\/gracias\/","og_site_name":"Inspira Immigration Law","article_publisher":"http:\/\/facebook.com\/inspiraimmigrationlaw","article_modified_time":"2025-07-30T20:16:21+00:00","twitter_card":"summary_large_image","schema":{"@context":"https:\/\/schema.org","@graph":[{"@type":"WebPage","@id":"https:\/\/inspiraimmigrationlaw.com\/en\/gracias\/","url":"https:\/\/inspiraimmigrationlaw.com\/en\/gracias\/","name":"Thank You - Inspira Immigration Law","isPartOf":{"@id":"https:\/\/inspiraimmigrationlaw.com\/en\/#website"},"datePublished":"2025-07-15T06:27:17+00:00","dateModified":"2025-07-30T20:16:21+00:00","breadcrumb":{"@id":"https:\/\/inspiraimmigrationlaw.com\/en\/gracias\/#breadcrumb"},"inLanguage":"en-US","potentialAction":[{"@type":"ReadAction","target":["https:\/\/inspiraimmigrationlaw.com\/en\/gracias\/"]}]},{"@type":"BreadcrumbList","@id":"https:\/\/inspiraimmigrationlaw.com\/en\/gracias\/#breadcrumb","itemListElement":[{"@type":"ListItem","position":1,"name":"Home","item":"https:\/\/inspiraimmigrationlaw.com\/en\/home\/"},{"@type":"ListItem","position":2,"name":"Thank You"}]},{"@type":"WebSite","@id":"https:\/\/inspiraimmigrationlaw.com\/en\/#website","url":"https:\/\/inspiraimmigrationlaw.com\/en\/","name":"Inspira Immigration Law","description":"En Inspira Immigration Law creemos que cada inmigrante merece orientaci\u00f3n honesta, un camino claro hacia adelante y un equipo legal que realmente escucha. Fundada por la abogada Leonelba Mart\u00ednez \u2014 hija de inmigrantes dominicanos y orgullosamente americana de primera generaci\u00f3n \u2014 nuestra firma naci\u00f3 de una comprensi\u00f3n profunda de lo que significa construir una nueva vida en este pa\u00eds. Con m\u00e1s de 10 a\u00f1os de experiencia, ayudamos a personas, familias y profesionales en toda Florida a encontrar soluciones reales a situaciones migratorias complejas. Ya sea que est\u00e9s buscando tu tarjeta de residencia, enfrentando un proceso de deportaci\u00f3n, solicitando un perd\u00f3n migratorio o reuni\u00e9ndote con tus seres queridos, nos comprometemos con cada caso de la misma manera: estrategia personalizada, comunicaci\u00f3n transparente y una defensa incansable de tu futuro. Servimos con orgullo a nuestra comunidad biling\u00fce con la claridad, la compasi\u00f3n y la experiencia que mereces \u2014 porque cuando t\u00fa ganas, nosotros ganamos.","publisher":{"@id":"https:\/\/inspiraimmigrationlaw.com\/en\/#organization"},"potentialAction":[{"@type":"SearchAction","target":{"@type":"EntryPoint","urlTemplate":"https:\/\/inspiraimmigrationlaw.com\/en\/?s={search_term_string}"},"query-input":{"@type":"PropertyValueSpecification","valueRequired":true,"valueName":"search_term_string"}}],"inLanguage":"en-US"},{"@type":"Organization","@id":"https:\/\/inspiraimmigrationlaw.com\/en\/#organization","name":"Inspira Immigration Law","url":"https:\/\/inspiraimmigrationlaw.com\/en\/","logo":{"@type":"ImageObject","inLanguage":"en-US","@id":"https:\/\/inspiraimmigrationlaw.com\/en\/#\/schema\/logo\/image\/","url":"https:\/\/inspiraimmigrationlaw.com\/wp-content\/uploads\/2025\/06\/Inspira-Immigration-Law-Logo.webp","contentUrl":"https:\/\/inspiraimmigrationlaw.com\/wp-content\/uploads\/2025\/06\/Inspira-Immigration-Law-Logo.webp","width":1976,"height":663,"caption":"Inspira Immigration Law"},"image":{"@id":"https:\/\/inspiraimmigrationlaw.com\/en\/#\/schema\/logo\/image\/"},"sameAs":["http:\/\/facebook.com\/inspiraimmigrationlaw","http:\/\/instagram.com\/inspiraimmigrationlaw"]}]}},"_links":{"self":[{"href":"https:\/\/inspiraimmigrationlaw.com\/en\/wp-json\/wp\/v2\/pages\/2308","targetHints":{"allow":["GET"]}}],"collection":[{"href":"https:\/\/inspiraimmigrationlaw.com\/en\/wp-json\/wp\/v2\/pages"}],"about":[{"href":"https:\/\/inspiraimmigrationlaw.com\/en\/wp-json\/wp\/v2\/types\/page"}],"author":[{"embeddable":true,"href":"https:\/\/inspiraimmigrationlaw.com\/en\/wp-json\/wp\/v2\/users\/5"}],"replies":[{"embeddable":true,"href":"https:\/\/inspiraimmigrationlaw.com\/en\/wp-json\/wp\/v2\/comments?post=2308"}],"version-history":[{"count":1,"href":"https:\/\/inspiraimmigrationlaw.com\/en\/wp-json\/wp\/v2\/pages\/2308\/revisions"}],"predecessor-version":[{"id":2309,"href":"https:\/\/inspiraimmigrationlaw.com\/en\/wp-json\/wp\/v2\/pages\/2308\/revisions\/2309"}],"wp:attachment":[{"href":"https:\/\/inspiraimmigrationlaw.com\/en\/wp-json\/wp\/v2\/media?parent=2308"}],"curies":[{"name":"wp","href":"https:\/\/api.w.org\/{rel}","templated":true}]}}