{"id":2319,"date":"2025-07-30T15:26:27","date_gmt":"2025-07-30T20:26:27","guid":{"rendered":"https:\/\/inspiraimmigrationlaw.com\/?page_id=2319"},"modified":"2025-12-19T14:48:10","modified_gmt":"2025-12-19T20:48:10","slug":"testimonials","status":"publish","type":"page","link":"https:\/\/inspiraimmigrationlaw.com\/en\/testimonials\/","title":{"rendered":"Testimonials"},"content":{"rendered":"\t\t<div data-elementor-type=\"wp-page\" data-elementor-id=\"2319\" class=\"elementor elementor-2319\" data-elementor-post-type=\"page\">\n\t\t\t\t<div class=\"elementor-element elementor-element-9713054 e-flex e-con-boxed e-con e-parent\" data-id=\"9713054\" data-element_type=\"container\" data-e-type=\"container\">\n\t\t\t\t\t<div class=\"e-con-inner\">\n\t\t\t\t<div class=\"elementor-element elementor-element-89eb377 elementor-widget elementor-widget-heading\" data-id=\"89eb377\" data-element_type=\"widget\" data-e-type=\"widget\" data-widget_type=\"heading.default\">\n\t\t\t\t<div class=\"elementor-widget-container\">\n\t\t\t\t\t<h1 class=\"elementor-heading-title elementor-size-default\">Testimonials<\/h1>\t\t\t\t<\/div>\n\t\t\t\t<\/div>\n\t\t\t\t<div class=\"elementor-element elementor-element-0a5bc6a elementor-widget elementor-widget-text-editor\" data-id=\"0a5bc6a\" data-element_type=\"widget\" data-e-type=\"widget\" data-widget_type=\"text-editor.default\">\n\t\t\t\t<div class=\"elementor-widget-container\">\n\t\t\t\t\t\t\t\t\t<div class=\"rpi\" style=\"--head-star-color: #ffa500; --head-scale-color: #1a428a; --star-color: #ffa500; --head-flex-direction: column; --btn-flex-size: 100%; --btn-justify-content: center; --head-flex-text-align: center; --flex-direction: column; --flex-justify-content: center; --stars-justify-content: center; --center-align-items: center; --rev-txtalgn: center; --bubble-width-before: var(--bubble-width-center); --bubble-width-after: var(--bubble-width-center); --triangle-left: var(--triangle-center); --bubble-flex-margin-left: 0; --slider-bubble-flex-margin-left: 0; --center-avaborder-margin: var(--avaborder-margin); --avaborder-margin-left: 0; --center-avaborder-flex-direction: column-reverse; --center-avaborder-padding: var(--avaborder-padding); --avaborder-padding-left: 0; --flex-text-align: center; --text-align: center;\" data-id=\"2323\" data-opts='{&quot;layout&quot;:&quot;grid&quot;,&quot;style_style&quot;:&quot;1&quot;,&quot;style_stars&quot;:&quot;4&quot;,&quot;style_ava&quot;:&quot;1&quot;,&quot;head_logo&quot;:&quot;5&quot;,&quot;style_logo&quot;:&quot;1&quot;,&quot;pagination&quot;:&quot;6&quot;,&quot;text_size&quot;:&quot;&quot;,&quot;hide_avatar&quot;:&quot;&quot;,&quot;hide_name&quot;:&quot;&quot;,&quot;disable_review_time&quot;:&quot;&quot;,&quot;disable_user_link&quot;:&quot;&quot;,&quot;disable_google_link&quot;:&quot;&quot;,&quot;open_link&quot;:&quot;1&quot;,&quot;nofollow_link&quot;:&quot;1&quot;,&quot;lazy_load_img&quot;:&quot;1&quot;,&quot;time_format&quot;:&quot;&quot;,&quot;breakpoints&quot;:&quot;3000:3&quot;,&quot;ajax_load&quot;:&quot;&quot;,&quot;trans&quot;:{&quot;read more&quot;:&quot;read more&quot;,&quot;review us on&quot;:&quot;review us on&quot;,&quot;See all reviews&quot;:&quot;See all reviews&quot;,&quot;More reviews&quot;:&quot;More reviews&quot;,&quot;Response from the owner&quot;:&quot;Response from the owner&quot;}}' data-exec=\"\"><div class=\"rpi-cnt rpi-col-m rpi-grid rpi-sh\" data-opts='' style=\"visibility:var(--visible, hidden)\" ><div class=\"rpi-header rpi-header_top\"><div class=\"rpi-cards\"><div class=\"rpi-card rpi-card_block\" data-provider=\"google\"><div class=\"rpi-card-inner rpi-flexwrap\"><span class=\"rpi-logos\"><span class=\"rpi-logo rpi-logo-google\"><\/span><\/span><div class=\"rpi-flex\"><div class=\"rpi-img\"><img loading=\"lazy\" decoding=\"async\" src=\"https:\/\/inspiraimmigrationlaw.com\/wp-content\/plugins\/business-reviews-bundle\/assets\/img\/gmblogo.svg\" class=\"rpi-img\" loading=\"lazy\" width=\"56\" height=\"56\" alt=\"\" onerror=\"if(this.src!='data:image\/gif;base64,R0lGODlhAQABAIAAAAAAAP\/\/\/yH5BAEAAAAALAAAAAABAAEAAAIBRAA7')this.src='data:image\/gif;base64,R0lGODlhAQABAIAAAAAAAP\/\/\/yH5BAEAAAAALAAAAAABAAEAAAIBRAA7';\"><\/div><div class=\"rpi-info\"><a href=\"https:\/\/inspiraimmigrationlaw.com\/\" class=\"rpi-name\" target=\"_blank\" rel=\"noopener nofollow\" aria-label=\"Inspira Immigration Law - summary business\">Inspira Immigration Law<\/a><div class=\"rpi-stars\"><span class=\"rpi-star\" data-rating=\"4.8\"><\/span><span class=\"rpi-star\"><\/span><span class=\"rpi-star\"><\/span><span class=\"rpi-star\"><\/span><span class=\"rpi-star\"><\/span><\/div><div class=\"rpi-based\">Based on 127 reviews<\/div><\/div><\/div><div class=\"rpi-slider-btn\"><div class=\"rpi-review_us rpi-clickable\"><a href=\"https:\/\/search.google.com\/local\/reviews?placeid=ChIJN8CsAznZ2IgR2mY4_tr6u6o\" target=\"_blank\" rel=\"noopener\">See all reviews<\/a><\/div><div class=\"rpi-review_us rpi-clickable\"><a href=\"https:\/\/search.google.com\/local\/writereview?placeid=ChIJN8CsAznZ2IgR2mY4_tr6u6o\" class=\"rpi-logo_after rpi-logo-google\" target=\"_blank\" rel=\"noopener\" onclick=\"rpi.Utils.popup('https:\/\/search.google.com\/local\/writereview?placeid=ChIJN8CsAznZ2IgR2mY4_tr6u6o', 800, 600)\">review us on<\/a><\/div><\/div><\/div><\/div><\/div><\/div><div class=\"rpi-content rpi-content_top\"><div class=\"rpi-cards\" data-count=\"46\" data-offset=\"6\"><div class=\"rpi-card\" data-provider=\"google\" data-rat=\"5\"><div class=\"rpi-card-inner\"><i class=\"\"><\/i><div class=\"rpi-flex\"><div class=\"rpi-img\"><img loading=\"lazy\" decoding=\"async\" src=\"https:\/\/lh3.googleusercontent.com\/a\/ACg8ocL7LAm8tl-kmmnBuiSy-qRii5KB5azI3BPkUha1fOZCFxwPMQ=s56-c-rp-mo-br100\" class=\"rpi-img\" loading=\"lazy\" width=\"56\" height=\"56\" alt=\"\" onerror=\"if(this.src!='https:\/\/inspiraimmigrationlaw.com\/wp-content\/plugins\/business-reviews-bundle\/assets\/img\/google_avatar.png')this.src='https:\/\/inspiraimmigrationlaw.com\/wp-content\/plugins\/business-reviews-bundle\/assets\/img\/google_avatar.png';\"><\/div><div class=\"rpi-info\"><a href=\"https:\/\/search.google.com\/local\/reviews?placeid=ChIJN8CsAznZ2IgR2mY4_tr6u6o\" class=\"rpi-name\" target=\"_blank\" rel=\"noopener nofollow\" aria-label=\"Edwin Garcia - google user profile\">Edwin Garcia<\/a><div class=\"rpi-time\" data-time=\"1774629376\"><\/div><div class=\"rpi-stars\"><span class=\"rpi-star\"><\/span><span class=\"rpi-star\"><\/span><span class=\"rpi-star\"><\/span><span class=\"rpi-star\"><\/span><span class=\"rpi-star\"><\/span><\/div><\/div><\/div><div class=\"rpi-body rpi-normal-up__body\"><div class=\"rpi-text rpi-scroll\" tabindex=\"0\">I can\u2019t recommend Leonelba Martinez enough for anyone dealing with immigration. My situation was really tough, and it felt like it was stuck for a long time. But she was so proactive and determined! What makes her so great is how she handles those tricky paperwork problems. She kept pushing until we finally got everything sorted out.<br \/><br \/>This was the best decision I made for my immigration journey. If you\u2019re looking for an attorney who\u2019s professional, dedicated, and really committed to helping her clients, she\u2019s the one. I\u2019m so grateful for your hard work and for all your help in getting me to this big step!<\/div><\/div><\/div><\/div><div class=\"rpi-card\" data-provider=\"google\" data-rat=\"5\"><div class=\"rpi-card-inner\"><i class=\"\"><\/i><div class=\"rpi-flex\"><div class=\"rpi-img\"><img loading=\"lazy\" decoding=\"async\" src=\"https:\/\/lh3.googleusercontent.com\/a-\/ALV-UjXDPdjkt4oi-qCHBE-vuLaewxE6pnuMZ-gLyzufGTmJYdTcTiku=s56-c-rp-mo-br100\" class=\"rpi-img\" loading=\"lazy\" width=\"56\" height=\"56\" alt=\"\" onerror=\"if(this.src!='https:\/\/inspiraimmigrationlaw.com\/wp-content\/plugins\/business-reviews-bundle\/assets\/img\/google_avatar.png')this.src='https:\/\/inspiraimmigrationlaw.com\/wp-content\/plugins\/business-reviews-bundle\/assets\/img\/google_avatar.png';\"><\/div><div class=\"rpi-info\"><a href=\"https:\/\/search.google.com\/local\/reviews?placeid=ChIJN8CsAznZ2IgR2mY4_tr6u6o\" class=\"rpi-name\" target=\"_blank\" rel=\"noopener nofollow\" aria-label=\"Marisol Hern\u00e1ndez - google user profile\">Marisol Hern\u00e1ndez<\/a><div class=\"rpi-time\" data-time=\"1774547343\"><\/div><div class=\"rpi-stars\"><span class=\"rpi-star\"><\/span><span class=\"rpi-star\"><\/span><span class=\"rpi-star\"><\/span><span class=\"rpi-star\"><\/span><span class=\"rpi-star\"><\/span><\/div><\/div><\/div><div class=\"rpi-body rpi-normal-up__body\"><div class=\"rpi-text rpi-scroll\" tabindex=\"0\">En Inspira Immigration Law, me sent\u00ed s\u00faper acompa\u00f1ada durante todo mi proceso. Desde el primer d\u00eda me dieron confianza, me explicaron todo de manera sencilla y estuvieron conmigo en cada paso. Siempre respondieron mis dudas con paciencia y me hicieron sentir tranquila. Estoy muy agradecida y recomiendo mucho a todo el equipo.<\/div><\/div><\/div><\/div><div class=\"rpi-card\" data-provider=\"google\" data-rat=\"5\"><div class=\"rpi-card-inner\"><i class=\"\"><\/i><div class=\"rpi-flex\"><div class=\"rpi-img\"><img loading=\"lazy\" decoding=\"async\" src=\"https:\/\/lh3.googleusercontent.com\/a\/ACg8ocIagXVdM5Ml_bcGV6H9xpx4FFbSmb32aHOPptpmHipO4KWpfw=s56-c-rp-mo-br100\" class=\"rpi-img\" loading=\"lazy\" width=\"56\" height=\"56\" alt=\"\" onerror=\"if(this.src!='https:\/\/inspiraimmigrationlaw.com\/wp-content\/plugins\/business-reviews-bundle\/assets\/img\/google_avatar.png')this.src='https:\/\/inspiraimmigrationlaw.com\/wp-content\/plugins\/business-reviews-bundle\/assets\/img\/google_avatar.png';\"><\/div><div class=\"rpi-info\"><a href=\"https:\/\/search.google.com\/local\/reviews?placeid=ChIJN8CsAznZ2IgR2mY4_tr6u6o\" class=\"rpi-name\" target=\"_blank\" rel=\"noopener nofollow\" aria-label=\"Erica - google user profile\">erica<\/a><div class=\"rpi-time\" data-time=\"1773441916\"><\/div><div class=\"rpi-stars\"><span class=\"rpi-star\"><\/span><span class=\"rpi-star\"><\/span><span class=\"rpi-star\"><\/span><span class=\"rpi-star\"><\/span><span class=\"rpi-star\"><\/span><\/div><\/div><\/div><div class=\"rpi-body rpi-normal-up__body\"><div class=\"rpi-text rpi-scroll\" tabindex=\"0\">Excellent service! Very professional, responsive, and efficient. Everything was handled quickly and smoothly, and I felt supported throughout the entire process. I highly recommend her to anyone looking for a reliable and knowledgeable attorney.<\/div><\/div><\/div><\/div><div class=\"rpi-card\" data-provider=\"google\" data-rat=\"5\"><div class=\"rpi-card-inner\"><i class=\"\"><\/i><div class=\"rpi-flex\"><div class=\"rpi-img\"><img loading=\"lazy\" decoding=\"async\" src=\"https:\/\/lh3.googleusercontent.com\/a-\/ALV-UjWmSTOBDTVW9QUElUGS3nclsS97eMzjsBhDUPfAsUyBFrs_FaDc=s56-c-rp-mo-ba2-br100\" class=\"rpi-img\" loading=\"lazy\" width=\"56\" height=\"56\" alt=\"\" onerror=\"if(this.src!='https:\/\/inspiraimmigrationlaw.com\/wp-content\/plugins\/business-reviews-bundle\/assets\/img\/google_avatar.png')this.src='https:\/\/inspiraimmigrationlaw.com\/wp-content\/plugins\/business-reviews-bundle\/assets\/img\/google_avatar.png';\"><\/div><div class=\"rpi-info\"><a href=\"https:\/\/search.google.com\/local\/reviews?placeid=ChIJN8CsAznZ2IgR2mY4_tr6u6o\" class=\"rpi-name\" target=\"_blank\" rel=\"noopener nofollow\" aria-label=\"Indira Lupiac - google user profile\">Indira Lupiac<\/a><div class=\"rpi-time\" data-time=\"1773261945\"><\/div><div class=\"rpi-stars\"><span class=\"rpi-star\"><\/span><span class=\"rpi-star\"><\/span><span class=\"rpi-star\"><\/span><span class=\"rpi-star\"><\/span><span class=\"rpi-star\"><\/span><\/div><\/div><\/div><div class=\"rpi-body rpi-normal-up__body\"><div class=\"rpi-text rpi-scroll\" tabindex=\"0\">Realice mi proceso de Cuidadania y la verdad que Inspira Inmigration Law son muy responsables los recomiendo, todo fue muy rapido Martha pasaba al pendiente los recomiendo para tr\u00e1mites migratorios, la Abogada Leonelba es muy amable<\/div><\/div><\/div><\/div><div class=\"rpi-card\" data-provider=\"google\" data-rat=\"5\"><div class=\"rpi-card-inner\"><i class=\"\"><\/i><div class=\"rpi-flex\"><div class=\"rpi-img\"><img loading=\"lazy\" decoding=\"async\" src=\"https:\/\/lh3.googleusercontent.com\/a\/ACg8ocIwLeyJiwN58T_Y0IyjE74DUHPwdJjbUwHrc7W4ZZm5cLnmQlU=s56-c-rp-mo-br100\" class=\"rpi-img\" loading=\"lazy\" width=\"56\" height=\"56\" alt=\"\" onerror=\"if(this.src!='https:\/\/inspiraimmigrationlaw.com\/wp-content\/plugins\/business-reviews-bundle\/assets\/img\/google_avatar.png')this.src='https:\/\/inspiraimmigrationlaw.com\/wp-content\/plugins\/business-reviews-bundle\/assets\/img\/google_avatar.png';\"><\/div><div class=\"rpi-info\"><a href=\"https:\/\/search.google.com\/local\/reviews?placeid=ChIJN8CsAznZ2IgR2mY4_tr6u6o\" class=\"rpi-name\" target=\"_blank\" rel=\"noopener nofollow\" aria-label=\"Bozena Sasa - google user profile\">Bozena Sasa<\/a><div class=\"rpi-time\" data-time=\"1772821371\"><\/div><div class=\"rpi-stars\"><span class=\"rpi-star\"><\/span><span class=\"rpi-star\"><\/span><span class=\"rpi-star\"><\/span><span class=\"rpi-star\"><\/span><span class=\"rpi-star\"><\/span><\/div><\/div><\/div><div class=\"rpi-body rpi-normal-up__body\"><div class=\"rpi-text rpi-scroll\" tabindex=\"0\">I\u2019m very grateful to attorney Leonelba and her paralegal Martha for helping me with my immigration process. They were professional, supportive, and always answered my questions. I highly recommend them to anyone who needs immigration help.<\/div><\/div><\/div><\/div><div class=\"rpi-card\" data-provider=\"google\" data-rat=\"5\"><div class=\"rpi-card-inner\"><i class=\"\"><\/i><div class=\"rpi-flex\"><div class=\"rpi-img\"><img loading=\"lazy\" decoding=\"async\" src=\"https:\/\/lh3.googleusercontent.com\/a\/ACg8ocJPoE5jVYazlBIWIzMcWzqo2WPVTupCB0JrQIT75EN3YRsNXw=s56-c-rp-mo-ba2-br100\" class=\"rpi-img\" loading=\"lazy\" width=\"56\" height=\"56\" alt=\"\" onerror=\"if(this.src!='https:\/\/inspiraimmigrationlaw.com\/wp-content\/plugins\/business-reviews-bundle\/assets\/img\/google_avatar.png')this.src='https:\/\/inspiraimmigrationlaw.com\/wp-content\/plugins\/business-reviews-bundle\/assets\/img\/google_avatar.png';\"><\/div><div class=\"rpi-info\"><a href=\"https:\/\/search.google.com\/local\/reviews?placeid=ChIJN8CsAznZ2IgR2mY4_tr6u6o\" class=\"rpi-name\" target=\"_blank\" rel=\"noopener nofollow\" aria-label=\"Yenifer gonzalez - google user profile\">yenifer gonzalez<\/a><div class=\"rpi-time\" data-time=\"1764033582\"><\/div><div class=\"rpi-stars\"><span class=\"rpi-star\"><\/span><span class=\"rpi-star\"><\/span><span class=\"rpi-star\"><\/span><span class=\"rpi-star\"><\/span><span class=\"rpi-star\"><\/span><\/div><\/div><\/div><div class=\"rpi-body rpi-normal-up__body\"><div class=\"rpi-text rpi-scroll\" tabindex=\"0\">El trabajo que realizan es muy profesional. Aunque todo el proceso lo hicimos a distancia, siempre se mostraron muy colaboradores, atentos y con mucho conocimiento. Saben lo que hacen y se nota que est\u00e1n muy bien preparados. Si tienes un proceso en curso o quieres iniciar uno, sin duda ella es tu mejor opci\u00f3n.<\/div><\/div><\/div><\/div><\/div><div style=\"text-align:center\"><a href=\"#\" class=\"rpi-url\">More reviews<\/a><\/div><\/div><\/div><span class=\"rpi-hide\" style=\"display:none\"><style>.rpi-stars[data-rating]::before,.rpi-star:first-child[data-rating]::before{content:attr(data-rating);color:var(--star-color);font-size:var(--head-grade-fs);font-weight:var(--head-grade-weight,900)}<\/style><\/span><img decoding=\"async\" src=\"data:image\/gif;base64,R0lGODlhAQABAIAAAAAAAP\/\/\/yH5BAEAAAAALAAAAAABAAEAAAIBRAA7\" alt=\"\" onload=\"(function(el) { window.brb_vars=window.brb_vars||{ajaxurl:'https:\/\/inspiraimmigrationlaw.com\/wp-admin\/admin-ajax.php'}; var t = setInterval(function() {if (window.RichPlugins &#038;&#038; !el.getAttribute('data-exec')) { let l = 'grid'; RichPlugins.init(el); clearInterval(t) }}, 200)})(this.closest('.rpi'))\" width=\"1\" height=\"1\" style=\"display:none\"><\/div>\t\t\t\t\t\t\t\t<\/div>\n\t\t\t\t<\/div>\n\t\t\t\t\t<\/div>\n\t\t\t\t<\/div>\n\t\t\t\t<\/div>\n\t\t","protected":false},"excerpt":{"rendered":"<p>Testimonials<\/p>\n","protected":false},"author":5,"featured_media":0,"parent":0,"menu_order":0,"comment_status":"closed","ping_status":"closed","template":"","meta":{"_acf_changed":false,"footnotes":""},"class_list":["post-2319","page","type-page","status-publish","hentry"],"acf":[],"yoast_head":"<!-- This site is optimized with the Yoast SEO plugin v27.3 - https:\/\/yoast.com\/product\/yoast-seo-wordpress\/ -->\n<title>Testimonials - Inspira Immigration Law<\/title>\n<meta name=\"robots\" content=\"index, follow, max-snippet:-1, max-image-preview:large, max-video-preview:-1\" \/>\n<link rel=\"canonical\" href=\"https:\/\/inspiraimmigrationlaw.com\/en\/testimonials\/\" \/>\n<meta property=\"og:locale\" content=\"en_US\" \/>\n<meta property=\"og:type\" content=\"article\" \/>\n<meta property=\"og:title\" content=\"Testimonials - Inspira Immigration Law\" \/>\n<meta property=\"og:description\" content=\"Testimonials\" \/>\n<meta property=\"og:url\" content=\"https:\/\/inspiraimmigrationlaw.com\/en\/testimonials\/\" \/>\n<meta property=\"og:site_name\" content=\"Inspira Immigration Law\" \/>\n<meta property=\"article:publisher\" content=\"http:\/\/facebook.com\/inspiraimmigrationlaw\" \/>\n<meta property=\"article:modified_time\" content=\"2025-12-19T20:48:10+00:00\" \/>\n<meta name=\"twitter:card\" content=\"summary_large_image\" \/>\n<meta name=\"twitter:label1\" content=\"Est. reading time\" \/>\n\t<meta name=\"twitter:data1\" content=\"1 minute\" \/>\n<!-- \/ Yoast SEO plugin. -->","yoast_head_json":{"title":"Testimonials - Inspira Immigration Law","robots":{"index":"index","follow":"follow","max-snippet":"max-snippet:-1","max-image-preview":"max-image-preview:large","max-video-preview":"max-video-preview:-1"},"canonical":"https:\/\/inspiraimmigrationlaw.com\/en\/testimonials\/","og_locale":"en_US","og_type":"article","og_title":"Testimonials - Inspira Immigration Law","og_description":"Testimonials","og_url":"https:\/\/inspiraimmigrationlaw.com\/en\/testimonials\/","og_site_name":"Inspira Immigration Law","article_publisher":"http:\/\/facebook.com\/inspiraimmigrationlaw","article_modified_time":"2025-12-19T20:48:10+00:00","twitter_card":"summary_large_image","twitter_misc":{"Est. reading time":"1 minute"},"schema":{"@context":"https:\/\/schema.org","@graph":[{"@type":"WebPage","@id":"https:\/\/inspiraimmigrationlaw.com\/en\/testimonials\/","url":"https:\/\/inspiraimmigrationlaw.com\/en\/testimonials\/","name":"Testimonials - Inspira Immigration Law","isPartOf":{"@id":"https:\/\/inspiraimmigrationlaw.com\/en\/#website"},"datePublished":"2025-07-30T20:26:27+00:00","dateModified":"2025-12-19T20:48:10+00:00","breadcrumb":{"@id":"https:\/\/inspiraimmigrationlaw.com\/en\/testimonials\/#breadcrumb"},"inLanguage":"en-US","potentialAction":[{"@type":"ReadAction","target":["https:\/\/inspiraimmigrationlaw.com\/en\/testimonials\/"]}]},{"@type":"BreadcrumbList","@id":"https:\/\/inspiraimmigrationlaw.com\/en\/testimonials\/#breadcrumb","itemListElement":[{"@type":"ListItem","position":1,"name":"Home","item":"https:\/\/inspiraimmigrationlaw.com\/en\/home\/"},{"@type":"ListItem","position":2,"name":"Testimonials"}]},{"@type":"WebSite","@id":"https:\/\/inspiraimmigrationlaw.com\/en\/#website","url":"https:\/\/inspiraimmigrationlaw.com\/en\/","name":"Inspira Immigration Law","description":"En Inspira Immigration Law creemos que cada inmigrante merece orientaci\u00f3n honesta, un camino claro hacia adelante y un equipo legal que realmente escucha. Fundada por la abogada Leonelba Mart\u00ednez \u2014 hija de inmigrantes dominicanos y orgullosamente americana de primera generaci\u00f3n \u2014 nuestra firma naci\u00f3 de una comprensi\u00f3n profunda de lo que significa construir una nueva vida en este pa\u00eds. Con m\u00e1s de 10 a\u00f1os de experiencia, ayudamos a personas, familias y profesionales en toda Florida a encontrar soluciones reales a situaciones migratorias complejas. Ya sea que est\u00e9s buscando tu tarjeta de residencia, enfrentando un proceso de deportaci\u00f3n, solicitando un perd\u00f3n migratorio o reuni\u00e9ndote con tus seres queridos, nos comprometemos con cada caso de la misma manera: estrategia personalizada, comunicaci\u00f3n transparente y una defensa incansable de tu futuro. Servimos con orgullo a nuestra comunidad biling\u00fce con la claridad, la compasi\u00f3n y la experiencia que mereces \u2014 porque cuando t\u00fa ganas, nosotros ganamos.","publisher":{"@id":"https:\/\/inspiraimmigrationlaw.com\/en\/#organization"},"potentialAction":[{"@type":"SearchAction","target":{"@type":"EntryPoint","urlTemplate":"https:\/\/inspiraimmigrationlaw.com\/en\/?s={search_term_string}"},"query-input":{"@type":"PropertyValueSpecification","valueRequired":true,"valueName":"search_term_string"}}],"inLanguage":"en-US"},{"@type":"Organization","@id":"https:\/\/inspiraimmigrationlaw.com\/en\/#organization","name":"Inspira Immigration Law","url":"https:\/\/inspiraimmigrationlaw.com\/en\/","logo":{"@type":"ImageObject","inLanguage":"en-US","@id":"https:\/\/inspiraimmigrationlaw.com\/en\/#\/schema\/logo\/image\/","url":"https:\/\/inspiraimmigrationlaw.com\/wp-content\/uploads\/2025\/06\/Inspira-Immigration-Law-Logo.webp","contentUrl":"https:\/\/inspiraimmigrationlaw.com\/wp-content\/uploads\/2025\/06\/Inspira-Immigration-Law-Logo.webp","width":1976,"height":663,"caption":"Inspira Immigration Law"},"image":{"@id":"https:\/\/inspiraimmigrationlaw.com\/en\/#\/schema\/logo\/image\/"},"sameAs":["http:\/\/facebook.com\/inspiraimmigrationlaw","http:\/\/instagram.com\/inspiraimmigrationlaw"]}]}},"_links":{"self":[{"href":"https:\/\/inspiraimmigrationlaw.com\/en\/wp-json\/wp\/v2\/pages\/2319","targetHints":{"allow":["GET"]}}],"collection":[{"href":"https:\/\/inspiraimmigrationlaw.com\/en\/wp-json\/wp\/v2\/pages"}],"about":[{"href":"https:\/\/inspiraimmigrationlaw.com\/en\/wp-json\/wp\/v2\/types\/page"}],"author":[{"embeddable":true,"href":"https:\/\/inspiraimmigrationlaw.com\/en\/wp-json\/wp\/v2\/users\/5"}],"replies":[{"embeddable":true,"href":"https:\/\/inspiraimmigrationlaw.com\/en\/wp-json\/wp\/v2\/comments?post=2319"}],"version-history":[{"count":7,"href":"https:\/\/inspiraimmigrationlaw.com\/en\/wp-json\/wp\/v2\/pages\/2319\/revisions"}],"predecessor-version":[{"id":3903,"href":"https:\/\/inspiraimmigrationlaw.com\/en\/wp-json\/wp\/v2\/pages\/2319\/revisions\/3903"}],"wp:attachment":[{"href":"https:\/\/inspiraimmigrationlaw.com\/en\/wp-json\/wp\/v2\/media?parent=2319"}],"curies":[{"name":"wp","href":"https:\/\/api.w.org\/{rel}","templated":true}]}}